{"id":46,"date":"2026-01-07T09:45:59","date_gmt":"2026-01-07T08:45:59","guid":{"rendered":"https:\/\/sophierohart.com\/erasmus\/?page_id=46"},"modified":"2026-02-05T17:54:04","modified_gmt":"2026-02-05T16:54:04","slug":"personnels","status":"publish","type":"page","link":"https:\/\/sophierohart.com\/erasmus\/personnels\/","title":{"rendered":"Personnels"},"content":{"rendered":"<p>[et_pb_section fb_built=\u00a0\u00bb1&Prime; _builder_version=\u00a0\u00bb4.27.5&Prime; _module_preset=\u00a0\u00bbdefault\u00a0\u00bb background_color=\u00a0\u00bb#164492&Prime; background_enable_image=\u00a0\u00bboff\u00a0\u00bb parallax=\u00a0\u00bbon\u00a0\u00bb parallax_method=\u00a0\u00bboff\u00a0\u00bb min_height=\u00a0\u00bb600px\u00a0\u00bb max_height=\u00a0\u00bb600px\u00a0\u00bb global_colors_info=\u00a0\u00bb{}\u00a0\u00bb][et_pb_row column_structure=\u00a0\u00bb1_2,1_2&Prime; _builder_version=\u00a0\u00bb4.27.5&Prime; _module_preset=\u00a0\u00bbdefault\u00a0\u00bb global_colors_info=\u00a0\u00bb{}\u00a0\u00bb][et_pb_column type=\u00a0\u00bb1_2&Prime; _builder_version=\u00a0\u00bb4.27.5&Prime; _module_preset=\u00a0\u00bbdefault\u00a0\u00bb global_colors_info=\u00a0\u00bb{}\u00a0\u00bb][et_pb_image src=\u00a0\u00bbhttps:\/\/sophierohart.com\/erasmus\/wp-content\/uploads\/2026\/01\/coup-moyen-femme-travaillant-comme-agent-de-voyage-scaled.jpg\u00a0\u00bb title_text=\u00a0\u00bbcoup-moyen-femme-travaillant-comme-agent-de-voyage\u00a0\u00bb _builder_version=\u00a0\u00bb4.27.5&Prime; _module_preset=\u00a0\u00bbdefault\u00a0\u00bb global_colors_info=\u00a0\u00bb{}\u00a0\u00bb][\/et_pb_image][\/et_pb_column][et_pb_column type=\u00a0\u00bb1_2&Prime; _builder_version=\u00a0\u00bb4.27.5&Prime; _module_preset=\u00a0\u00bbdefault\u00a0\u00bb global_colors_info=\u00a0\u00bb{}\u00a0\u00bb][et_pb_text _builder_version=\u00a0\u00bb4.27.5&Prime; _module_preset=\u00a0\u00bbdefault\u00a0\u00bb text_font=\u00a0\u00bb|800|||||||\u00a0\u00bb text_text_color=\u00a0\u00bb#FFFFFF\u00a0\u00bb text_font_size=\u00a0\u00bb35px\u00a0\u00bb global_colors_info=\u00a0\u00bb{}\u00a0\u00bb]<\/p>\n<p>Coop\u00e9rer, innover,<\/p>\n<p>enseigner autrement,<\/p>\n<p><span style=\"color: #ffcc00;\"> en Europe.<\/span><\/p>\n<p>[\/et_pb_text][et_pb_text _builder_version=\u00a0\u00bb4.27.5&Prime; _module_preset=\u00a0\u00bbdefault\u00a0\u00bb text_text_color=\u00a0\u00bb#FFFFFF\u00a0\u00bb global_colors_info=\u00a0\u00bb{}\u00a0\u00bb]<\/p>\n<p>Le programme Erasmus+ offre aux <strong>personnels enseignants et administratifs du Lyc\u00e9e G\u00e9n\u00e9ral et Technologique Voltaire \u2013 Wingles<\/strong> des opportunit\u00e9s de mobilit\u00e9 et de coop\u00e9ration \u00e0 l\u2019\u00e9chelle europ\u00e9enne et internationale.<\/p>\n<p>Ces mobilit\u00e9s contribuent au d\u00e9veloppement professionnel, au partage de pratiques p\u00e9dagogiques et administratives, ainsi qu\u2019\u00e0 la modernisation de l\u2019\u00e9tablissement, conform\u00e9ment aux principes de la Charte Erasmus pour l\u2019Enseignement Sup\u00e9rieur (ECHE).<\/p>\n<p>Cette page pr\u00e9sente les dispositifs de mobilit\u00e9 accessibles aux personnels, les modalit\u00e9s de participation et les opportunit\u00e9s de projets Erasmus+.<\/p>\n<p>[\/et_pb_text][\/et_pb_column][\/et_pb_row][\/et_pb_section][et_pb_section fb_built=\u00a0\u00bb1&Prime; _builder_version=\u00a0\u00bb4.27.5&Prime; _module_preset=\u00a0\u00bbdefault\u00a0\u00bb global_colors_info=\u00a0\u00bb{}\u00a0\u00bb][et_pb_row _builder_version=\u00a0\u00bb4.27.5&Prime; _module_preset=\u00a0\u00bbdefault\u00a0\u00bb global_colors_info=\u00a0\u00bb{}\u00a0\u00bb][et_pb_column type=\u00a0\u00bb4_4&Prime; _builder_version=\u00a0\u00bb4.27.5&Prime; _module_preset=\u00a0\u00bbdefault\u00a0\u00bb global_colors_info=\u00a0\u00bb{}\u00a0\u00bb][et_pb_text _builder_version=\u00a0\u00bb4.27.5&Prime; _module_preset=\u00a0\u00bbdefault\u00a0\u00bb global_colors_info=\u00a0\u00bb{}\u00a0\u00bb]<\/p>\n<p>Les dispositifs Erasmus+ s\u2019adressent :<\/p>\n<ul>\n<li>aux <strong>enseignants<\/strong> des formations de l\u2019enseignement sup\u00e9rieur (BTS) ;<\/li>\n<li>aux <strong>personnels administratifs et techniques<\/strong> impliqu\u00e9s dans la gestion, l\u2019accompagnement ou le pilotage des formations et projets internationaux ;<\/li>\n<li>aux <strong>personnels<\/strong> participant \u00e0 des projets de coop\u00e9ration europ\u00e9enne ou internationale.<\/li>\n<\/ul>\n<p>[\/et_pb_text][et_pb_button button_text=\u00a0\u00bbT\u00e9l\u00e9charger la documentation\u00a0\u00bb _builder_version=\u00a0\u00bb4.27.5&Prime; _module_preset=\u00a0\u00bbdefault\u00a0\u00bb global_colors_info=\u00a0\u00bb{}\u00a0\u00bb][\/et_pb_button][\/et_pb_column][\/et_pb_row][\/et_pb_section][et_pb_section fb_built=\u00a0\u00bb1&Prime; _builder_version=\u00a0\u00bb4.27.5&Prime; _module_preset=\u00a0\u00bbdefault\u00a0\u00bb global_colors_info=\u00a0\u00bb{}\u00a0\u00bb][et_pb_row column_structure=\u00a0\u00bb1_2,1_2&Prime; _builder_version=\u00a0\u00bb4.27.5&Prime; _module_preset=\u00a0\u00bbdefault\u00a0\u00bb global_colors_info=\u00a0\u00bb{}\u00a0\u00bb][et_pb_column type=\u00a0\u00bb1_2&Prime; _builder_version=\u00a0\u00bb4.27.5&Prime; _module_preset=\u00a0\u00bbdefault\u00a0\u00bb global_colors_info=\u00a0\u00bb{}\u00a0\u00bb][et_pb_text _builder_version=\u00a0\u00bb4.27.5&Prime; _module_preset=\u00a0\u00bbdefault\u00a0\u00bb global_colors_info=\u00a0\u00bb{}\u00a0\u00bb]<\/p>\n<h3><b>Reconnaissance et valorisation des mobilit\u00e9s<\/b><\/h3>\n<p>[\/et_pb_text][et_pb_text _builder_version=\u00a0\u00bb4.27.5&Prime; _module_preset=\u00a0\u00bbdefault\u00a0\u00bb global_colors_info=\u00a0\u00bb{}\u00a0\u00bb]<\/p>\n<p>Les mobilit\u00e9s Erasmus+ du personnel sont :<\/p>\n<ul>\n<li>reconnues dans le cadre du <strong>d\u00e9veloppement professionnel continu ;<\/strong><\/li>\n<li>valoris\u00e9es au sein de l\u2019\u00e9tablissement par le <strong>partage d\u2019exp\u00e9riences et de bonnes pratiques ;<\/strong><\/li>\n<li>int\u00e9gr\u00e9es, lorsque cela est possible, aux dispositifs internes de reconnaissance des missions.<\/li>\n<\/ul>\n<p>Les personnels sont encourag\u00e9s \u00e0 diffuser les acquis de leur mobilit\u00e9 aupr\u00e8s de leurs coll\u00e8gues et \u00e0 contribuer \u00e0 la dynamique d\u2019internationalisation de l\u2019\u00e9tablissement.<\/p>\n<p>[\/et_pb_text][\/et_pb_column][et_pb_column type=\u00a0\u00bb1_2&Prime; _builder_version=\u00a0\u00bb4.27.5&Prime; _module_preset=\u00a0\u00bbdefault\u00a0\u00bb global_colors_info=\u00a0\u00bb{}\u00a0\u00bb][\/et_pb_column][\/et_pb_row][\/et_pb_section]<\/p>\n","protected":false},"excerpt":{"rendered":"<p>Coop\u00e9rer, innover, enseigner autrement, en Europe.Le programme Erasmus+ offre aux personnels enseignants et administratifs du Lyc\u00e9e G\u00e9n\u00e9ral et Technologique Voltaire \u2013 Wingles des opportunit\u00e9s de mobilit\u00e9 et de coop\u00e9ration \u00e0 l\u2019\u00e9chelle europ\u00e9enne et internationale. Ces mobilit\u00e9s contribuent au d\u00e9veloppement professionnel, au partage de pratiques p\u00e9dagogiques et administratives, ainsi qu\u2019\u00e0 la modernisation de l\u2019\u00e9tablissement, conform\u00e9ment aux [&hellip;]<\/p>\n","protected":false},"author":1,"featured_media":0,"parent":0,"menu_order":0,"comment_status":"closed","ping_status":"closed","template":"","meta":{"_et_pb_use_builder":"on","_et_pb_old_content":"","_et_gb_content_width":"","inline_featured_image":false,"footnotes":""},"class_list":["post-46","page","type-page","status-publish","hentry"],"_links":{"self":[{"href":"https:\/\/sophierohart.com\/erasmus\/wp-json\/wp\/v2\/pages\/46","targetHints":{"allow":["GET"]}}],"collection":[{"href":"https:\/\/sophierohart.com\/erasmus\/wp-json\/wp\/v2\/pages"}],"about":[{"href":"https:\/\/sophierohart.com\/erasmus\/wp-json\/wp\/v2\/types\/page"}],"author":[{"embeddable":true,"href":"https:\/\/sophierohart.com\/erasmus\/wp-json\/wp\/v2\/users\/1"}],"replies":[{"embeddable":true,"href":"https:\/\/sophierohart.com\/erasmus\/wp-json\/wp\/v2\/comments?post=46"}],"version-history":[{"count":8,"href":"https:\/\/sophierohart.com\/erasmus\/wp-json\/wp\/v2\/pages\/46\/revisions"}],"predecessor-version":[{"id":193,"href":"https:\/\/sophierohart.com\/erasmus\/wp-json\/wp\/v2\/pages\/46\/revisions\/193"}],"wp:attachment":[{"href":"https:\/\/sophierohart.com\/erasmus\/wp-json\/wp\/v2\/media?parent=46"}],"curies":[{"name":"wp","href":"https:\/\/api.w.org\/{rel}","templated":true}]}}