{"id":48,"date":"2026-01-07T09:45:59","date_gmt":"2026-01-07T08:45:59","guid":{"rendered":"https:\/\/sophierohart.com\/erasmus\/?page_id=48"},"modified":"2026-02-05T17:55:55","modified_gmt":"2026-02-05T16:55:55","slug":"documents-officiels","status":"publish","type":"page","link":"https:\/\/sophierohart.com\/erasmus\/documents-officiels\/","title":{"rendered":"Documents officiels"},"content":{"rendered":"<p>[et_pb_section fb_built=\u00a0\u00bb1&Prime; _builder_version=\u00a0\u00bb4.27.5&Prime; _module_preset=\u00a0\u00bbdefault\u00a0\u00bb global_colors_info=\u00a0\u00bb{}\u00a0\u00bb][et_pb_row column_structure=\u00a0\u00bb1_2,1_2&Prime; _builder_version=\u00a0\u00bb4.27.5&Prime; _module_preset=\u00a0\u00bbdefault\u00a0\u00bb global_colors_info=\u00a0\u00bb{}\u00a0\u00bb][et_pb_column type=\u00a0\u00bb1_2&Prime; _builder_version=\u00a0\u00bb4.27.5&Prime; _module_preset=\u00a0\u00bbdefault\u00a0\u00bb global_colors_info=\u00a0\u00bb{}\u00a0\u00bb][et_pb_text _builder_version=\u00a0\u00bb4.27.5&Prime; _module_preset=\u00a0\u00bbdefault\u00a0\u00bb global_colors_info=\u00a0\u00bb{}\u00a0\u00bb]<\/p>\n<h2>Avant la mobilit\u00e9<\/h2>\n<p>&nbsp;<\/p>\n<p><em>D\u00e9marche et conventions de stage<\/em><\/p>\n<p>[\/et_pb_text][\/et_pb_column][et_pb_column type=\u00a0\u00bb1_2&Prime; _builder_version=\u00a0\u00bb4.27.5&Prime; _module_preset=\u00a0\u00bbdefault\u00a0\u00bb global_colors_info=\u00a0\u00bb{}\u00a0\u00bb][et_pb_text _builder_version=\u00a0\u00bb4.27.5&Prime; _module_preset=\u00a0\u00bbdefault\u00a0\u00bb global_colors_info=\u00a0\u00bb{}\u00a0\u00bb]<\/p>\n<h2>Pendant la mobilit\u00e9<\/h2>\n<p>&nbsp;<\/p>\n<p><em>Avenant \u00e0 la convention<\/em><\/p>\n<div data-v-a8476c8e=\"\" class=\"colonne col-md-6\">\n<div data-v-a8476c8e=\"\" item=\"[object Object]\">\n<div class=\"\">\n<div class=\"item\">\n<div data-v-10964ec6=\"\">\n<div data-v-10964ec6=\"\">\n<p class=\"ql-align-center\"><em>Attestation\u00a0installation dans pays cible Erasmus+<\/em><\/p>\n<\/div>\n<\/div>\n<\/div>\n<\/div>\n<\/div>\n<\/div>\n<div data-v-a8476c8e=\"\" class=\"colonne col-md-6\">\n<div data-v-a8476c8e=\"\" item=\"[object Object]\">\n<div class=\"\">\n<div class=\"item\">\n<div data-v-1d0140db=\"\" class=\"item-button\" itemindex=\"0\">\n<div data-v-1d0140db=\"\">\n<div data-v-1d0140db=\"\"><\/div>\n<\/div>\n<\/div>\n<\/div>\n<\/div>\n<\/div>\n<\/div>\n<p>[\/et_pb_text][\/et_pb_column][\/et_pb_row][et_pb_row _builder_version=\u00a0\u00bb4.27.5&Prime; _module_preset=\u00a0\u00bbdefault\u00a0\u00bb][et_pb_column _builder_version=\u00a0\u00bb4.27.5&Prime; _module_preset=\u00a0\u00bbdefault\u00a0\u00bb type=\u00a0\u00bb4_4&Prime;][et_pb_text _builder_version=\u00a0\u00bb4.27.5&Prime; _module_preset=\u00a0\u00bbdefault\u00a0\u00bb hover_enabled=\u00a0\u00bb0&Prime; sticky_enabled=\u00a0\u00bb0&Prime;]<\/p>\n<div class=\"item\">\n<div class=\"item-title\">\n<h1 style=\"text-align: center;\">Notre \u00e9tablissement a obtenu la charte pour l&rsquo;enseignement sup\u00e9rieur<\/h1>\n<p>&nbsp;<\/p>\n<p style=\"text-align: center;\">[charte Eramus + ici]<\/p>\n<\/div>\n<\/div>\n<div class=\"item\">\n<div data-v-79a4cf37=\"\" class=\"item-image\"><\/div>\n<\/div>\n<p>[\/et_pb_text][\/et_pb_column][\/et_pb_row][et_pb_row _builder_version=\u00a0\u00bb4.27.5&Prime; _module_preset=\u00a0\u00bbdefault\u00a0\u00bb][et_pb_column _builder_version=\u00a0\u00bb4.27.5&Prime; _module_preset=\u00a0\u00bbdefault\u00a0\u00bb type=\u00a0\u00bb4_4&Prime;][et_pb_text _builder_version=\u00a0\u00bb4.27.5&Prime; _module_preset=\u00a0\u00bbdefault\u00a0\u00bb hover_enabled=\u00a0\u00bb0&Prime; sticky_enabled=\u00a0\u00bb0&Prime;]<\/p>\n<div class=\"content-element\">\n<div data-v-a8476c8e=\"\" class=\"row rowWidget\">\n<div data-v-a8476c8e=\"\" class=\"colonne col-md-12\">\n<div data-v-a8476c8e=\"\" item=\"[object Object]\">\n<div class=\"\">\n<div class=\"item\">\n<div class=\"item-title\">\n<div>\n<h1>Kit Mobilit\u00e9<\/h1>\n<p>[\u00e0 ins\u00e9rer ici]<\/p>\n<\/div>\n<\/div>\n<\/div>\n<\/div>\n<\/div>\n<\/div>\n<\/div>\n<\/div>\n<div class=\"content-element\">\n<div data-v-a8476c8e=\"\" class=\"row rowWidget\">\n<div data-v-a8476c8e=\"\" class=\"colonne col-md-6\">\n<div data-v-a8476c8e=\"\" item=\"[object Object]\">\n<div class=\"\">\n<div class=\"item\">\n<div data-v-10964ec6=\"\">\n<div data-v-10964ec6=\"\"><\/div>\n<\/div>\n<\/div>\n<\/div>\n<\/div>\n<\/div>\n<\/div>\n<\/div>\n<p>[\/et_pb_text][\/et_pb_column][\/et_pb_row][\/et_pb_section]<\/p>\n","protected":false},"excerpt":{"rendered":"<p>Avant la mobilit\u00e9 &nbsp; D\u00e9marche et conventions de stagePendant la mobilit\u00e9 &nbsp; Avenant \u00e0 la convention Attestation\u00a0installation dans pays cible Erasmus+ Notre \u00e9tablissement a obtenu la charte pour l&rsquo;enseignement sup\u00e9rieur &nbsp; [charte Eramus + ici] Kit Mobilit\u00e9 [\u00e0 ins\u00e9rer ici]<\/p>\n","protected":false},"author":1,"featured_media":0,"parent":0,"menu_order":0,"comment_status":"closed","ping_status":"closed","template":"","meta":{"_et_pb_use_builder":"on","_et_pb_old_content":"","_et_gb_content_width":"","inline_featured_image":false,"footnotes":""},"class_list":["post-48","page","type-page","status-publish","hentry"],"_links":{"self":[{"href":"https:\/\/sophierohart.com\/erasmus\/wp-json\/wp\/v2\/pages\/48","targetHints":{"allow":["GET"]}}],"collection":[{"href":"https:\/\/sophierohart.com\/erasmus\/wp-json\/wp\/v2\/pages"}],"about":[{"href":"https:\/\/sophierohart.com\/erasmus\/wp-json\/wp\/v2\/types\/page"}],"author":[{"embeddable":true,"href":"https:\/\/sophierohart.com\/erasmus\/wp-json\/wp\/v2\/users\/1"}],"replies":[{"embeddable":true,"href":"https:\/\/sophierohart.com\/erasmus\/wp-json\/wp\/v2\/comments?post=48"}],"version-history":[{"count":5,"href":"https:\/\/sophierohart.com\/erasmus\/wp-json\/wp\/v2\/pages\/48\/revisions"}],"predecessor-version":[{"id":194,"href":"https:\/\/sophierohart.com\/erasmus\/wp-json\/wp\/v2\/pages\/48\/revisions\/194"}],"wp:attachment":[{"href":"https:\/\/sophierohart.com\/erasmus\/wp-json\/wp\/v2\/media?parent=48"}],"curies":[{"name":"wp","href":"https:\/\/api.w.org\/{rel}","templated":true}]}}